{"id":4106,"date":"2013-03-15T10:12:08","date_gmt":"2013-03-15T14:12:08","guid":{"rendered":"http:\/\/commons.trincoll.edu\/edreform\/?page_id=4106"},"modified":"2013-09-02T13:42:04","modified_gmt":"2013-09-02T17:42:04","slug":"dual","status":"publish","type":"page","link":"https:\/\/commons.trincoll.edu\/edreform\/guides-and-resources\/dual\/","title":{"rendered":"Creating a Dual-Language Magnet School for Hartford Region"},"content":{"rendered":"<p style=\"text-align: center\"><strong>Como desarrollar una escuela de dos idiomas en la regi\u00f3n de Hartford<br \/>\n<\/strong>(<a href=\"http:\/\/commons.trincoll.edu\/edreform\/resources\/dual-espanol\/\" target=\"_blank\">Ver la p\u00e1gina en espa\u00f1ol<\/a>)<\/p>\n<p style=\"text-align: center\"><strong>Saturday, April 13, 2013<\/strong><br \/>\n9:30am welcome &amp; coffee<br \/>\n10:00-11:30am panel &amp; discussion<br \/>\n<a href=\"http:\/\/goo.gl\/maps\/HmO8W\" target=\"_blank\">Commons Building Cafeteria at the Learning Corridor<br \/>\n43 Vernon Street, Hartford, CT<\/a><br \/>\nopen to the public<br \/>\n<a href=\"https:\/\/docs.google.com\/forms\/d\/1WOlQbWZK7V0t_zhczdm-Sj46hjHKzc7LgEkZcFDyOJk\/viewform\" target=\"_blank\">Sign up to our mailing list to receive future announcements<\/a><\/p>\n<p style=\"text-align: center\">Share this page by using our shortlink:\u00a0<a href=\"http:\/\/bit.ly\/DualLang\" target=\"_blank\">http:\/\/bit.ly\/DualLang\u00a0<\/a><\/p>\n<p>Join our discussion on creating a dual-language magnet school for the Hartford region. Dual-language schools (also known as two-way immersion) enroll balanced numbers of English-speakers and native speakers of the partner language (such as Spanish), and design a curriculum for all students to learn both languages. Dual-language schools have successfully brought together English- and Spanish-speaking students for a quality education in other parts of the United States. How can we draw upon this model to create an interdistrict magnet school for city and suburban students in the Hartford region?<\/p>\n<p style=\"text-align: center\">Co-sponsored by:\u00a0<a href=\"http:\/\/achievehartford.org\/\" target=\"_blank\">Achieve Hartford<\/a>, the <a href=\"http:\/\/www.sheffmovement.org\/\" target=\"_blank\">Sheff Movement<\/a>,<br \/>\nand the <a href=\"http:\/\/www.trincoll.edu\/Academics\/MajorsAndMinors\/educational\/Pages\/default.aspx\" target=\"_blank\">Educational Studies Program at Trinity College<\/a><\/p>\n<p>Welcome:<br \/>\n<a href=\"http:\/\/internet2.trincoll.edu\/facProfiles\/Default.aspx?fid=1260707\" target=\"_blank\">Andrea Dyrness<\/a> (Trinity College) and <a href=\"http:\/\/www.usj.edu\/academics\/schools\/school-of-education\/undergraduate-programs\/faculty-staff.html\" target=\"_blank\">Enrique Sepulveda<\/a> (University of Saint Joseph)<br \/>\n&#8220;Why a Dual Language School? \u00bfPor qu\u00e9 una escuela de dos idiomas?&#8221; (<a href=\"http:\/\/commons.trincoll.edu\/edreform\/files\/2013\/04\/DyrnessWhyDualLanguage2013.ppt\" target=\"_blank\">PPT<\/a> or <a href=\"http:\/\/commons.trincoll.edu\/edreform\/files\/2013\/04\/DyrnessWhyDualLanguage2013.pdf\" target=\"_blank\">PDF<\/a>)<\/p>\n<p>Panelists:<br \/>\n<a href=\"http:\/\/www.education.uconn.edu\/directory\/details.cfm?id=255\" target=\"_blank\">Liz Howard<\/a> (U. of Connecticut), on what dual-language research tells us (<a href=\"http:\/\/commons.trincoll.edu\/edreform\/files\/2013\/04\/HowardLiz_DualLangResearch2013.ppt\" target=\"_blank\">PPT<\/a> or <a href=\"http:\/\/commons.trincoll.edu\/edreform\/files\/2013\/04\/HowardLiz_DualLangResearch2013.pdf\" target=\"_blank\">PDF<\/a>)<\/p>\n<p>Marina Perez Taverner, on starting-up a dual language school and curriculum design<\/p>\n<p><a href=\"http:\/\/www.ctvoices.org\/about\/staff\/robert-cotto-jr-edm\" target=\"_blank\">Robert Cotto Jr.<\/a>\u00a0(Hartford Board of Education)\u00a0on <a href=\"http:\/\/www.achievehartford.org\/upload\/files\/DualLanguageDiscussion---20130124123318926.pdf\" target=\"_blank\">HPS feasibility study<\/a> and English-language learners in Hartford &amp; Connecticut (<a href=\"http:\/\/commons.trincoll.edu\/edreform\/files\/2013\/04\/CottoDualLang2013.pdf\" target=\"_blank\">PDF<\/a>)<\/p>\n<p><a href=\"https:\/\/vimeo.com\/63933986\" target=\"_blank\">Video<\/a>: students &amp; parents\u00a0at Puentes dual-language immersion program, Regional Multicultural Magnet School, New London, CT (by Nyesha McCauley, Achieve Hartford)<\/p>\n<p><a href=\"http:\/\/jimboucher.typepad.com\/about.html\" target=\"_blank\">Jim Boucher<\/a> (Sheff Movement) and <a href=\"http:\/\/achievehartford.org\/about_staff.php\" target=\"_blank\">Paul Holzer<\/a> (Achieve Hartford) lead discussion on next steps for making this model work in the metropolitan Hartford region<\/p>\n<p><strong>New England resources on public dual-language schools:<\/strong><\/p>\n<ul>\n<li><a href=\"http:\/\/www.languageandartsacademy.org\/\" target=\"_blank\">Dual Language &amp; Arts Magnet Middle School<\/a>, Waterford, CT<\/li>\n<li><a href=\"http:\/\/www.newhavenmagnetschools.com\/index.php\/new-haven-program\/elementary\/daniels#overview\" target=\"_blank\">John Daniels School of International Communication<\/a> (preK-8 dual), New Haven CT<\/li>\n<li><a href=\"http:\/\/www.rmms.k12.ct.us\/?PageName='AboutTheSchool'\" target=\"_blank\">Regional Multicultural Magnet School<\/a> (K-5 dual language), New London, CT<\/li>\n<li><a href=\"http:\/\/www.cpsd.us\/ami\/?r44b=no\" target=\"_blank\">Amigos School<\/a> (preK-8 dual language), Cambridge, MA<\/li>\n<li><a href=\"http:\/\/www.framingham.k12.ma.us\/barbieri.cfm\" target=\"_blank\">Barbieri Elementary Two-Way Bilingual School<\/a>, Framingham, MA<\/li>\n<li><a href=\"http:\/\/www.internationalcharterschool.org\/OUR_PROGRAMS.wss\" target=\"_blank\">International Charter School<\/a> (K-5 dual language), Pawtucket, RI<\/li>\n<\/ul>\n<p>&#8220;A Peek into the Life of Barbieri Elementary: A Two-Way Bilingual School \/ Una Escuela de Doble Via,&#8221; Framingham, MA, by Brad Puffer, 2013,\u00a0<a href=\"http:\/\/www.youtube.com\/watch?v=pNGBNdnfNh0\" target=\"_blank\">http:\/\/www.youtube.com\/watch?v=pNGBNdnfNh0<\/a>.<br \/>\n\n<!-- iframe plugin v.4.5 wordpress.org\/plugins\/iframe\/ -->\n<iframe width=\"640\" height=\"360\" src=\"\/\/www.youtube.com\/embed\/pNGBNdnfNh0?rel=0\" frameborder=\"0\" 0=\"allowfullscreen\" scrolling=\"yes\" class=\"iframe-class\"><\/iframe>\n<\/p>\n<p>Eaton, Susan.\u00a0<em><a href=\"http:\/\/www.onenationindivisible.org\/our-story\/have-we-learned-our-language-lesson-in-spite-of-massachusetts-decade-old-english-only-law-two-way-bilingual-programs-demonstrate-promise-and-enjoy-enduring-popularity\/\" target=\"_blank\">Have We Learned Our Language Lesson? In Spite of Massachusetts\u2019 Decade-Old English-Only Law, Two-Way Bilingual Programs Demonstrate Promise and Enjoy Enduring Popularity<\/a><\/em>. Stories from the Field. One Nation Indivisible, June 2012. http:\/\/www.onenationindivisible.org\/.<\/p>\n<p>Massachusetts Association for Bilingual Education. &#8220;<a href=\"http:\/\/www.massmabe.org\/Dual-Language-Programs.html\" target=\"_blank\">Definition of Dual Language Programs<\/a>&#8221; and &#8220;<a href=\"http:\/\/www.massmabe.org\/upload\/MABE%20Definition%20of%20Dual%20Language.pdf\" target=\"_blank\">What is Dual Language Education<\/a>?&#8221; 2012.<\/p>\n<p><strong>Hartford-area resources on dual-language public schools:<\/strong><\/p>\n<p><strong>\u00a0<\/strong>\u201cThe Quest for Dual Language Literacy: Huge Challenge May Also Be Hartford\u2019s Greatest Opportunity.\u201d\u00a0<em>Achieve Hartford Education Matters<\/em>\u00a0(February 7, 2013).\u00a0<a href=\"http:\/\/www.achievehartford.org\/upload\/files\/2-7-13--EDUCATIONMattersEXTRA(2).pdf\" target=\"_blank\">http:\/\/www.achievehartford.org\/upload\/files\/2-7-13&#8211;EDUCATIONMattersEXTRA(2).pdf<\/a>.<\/p>\n<p>Hartford Public Schools. <em>Two-Way Language Program Feasibility Study<\/em>, January 3, 2013. <a href=\"http:\/\/www.achievehartford.org\/upload\/files\/DualLanguageDiscussion---20130124123318926.pdf\" target=\"_blank\">http:\/\/www.achievehartford.org\/upload\/files\/DualLanguageDiscussion&#8212;20130124123318926.pdf<\/a>.<\/p>\n<p>Dyrness, Andrea. \u201cOpinion: We Should Promote Bilingualism in Schools.\u201d <em>Hartford Courant<\/em>, March 23, 2012. <a href=\"http:\/\/www.courant.com\/news\/opinion\/editorials\/hc-op-bilingualism-makes-us-smarter-20120323,0,550496.story\" target=\"_blank\">http:\/\/www.courant.com\/news\/opinion\/editorials\/hc-op-bilingualism-makes-us-smarter-20120323,0,550496.story<\/a>.<\/p>\n<p><strong>Did you know that in 1990<\/strong>, leaders from Trinity College, Hartford, West Hartford, and Glastonbury considered building a dual-language magnet school in the space that eventually became the Learning Corridor? <a href=\"http:\/\/commons.trincoll.edu\/edreform\/files\/2013\/03\/19901102HC-Dual-Language-Trinity.jpg\" target=\"_blank\">Read more in this Hartford Courant article.<\/a><\/p>\n<p>&#8220;Puentes Dual-Language Immersion Program, Regional Multicultural Magnet School, New London, CT&#8221; video by Nyesha McCauley, Achieve Hartford, 2013, \u00a0<a href=\"http:\/\/player.vimeo.com\/video\/63933986\" target=\"_blank\">http:\/\/player.vimeo.com\/video\/63933986<\/a>.<br \/>\n\n<!-- iframe plugin v.4.5 wordpress.org\/plugins\/iframe\/ -->\n<iframe width=\"640\" height=\"360\" src=\"http:\/\/player.vimeo.com\/video\/63933986?title=0&#038;amp;byline=0&#038;amp;portrait=0\" 0=\"allowFullScreen\" scrolling=\"yes\" class=\"iframe-class\" frameborder=\"0\"><\/iframe>\n<\/p>\n<p><strong>National resources on dual-language public schools:<\/strong><\/p>\n<p>Howard, E.R., et al.\u00a0<em><a href=\"http:\/\/www.cal.org\/twi\/guidingprinciples.htm\" target=\"_blank\">Guiding Principles for Dual Language Education, 2nd edition<\/a><\/em>. Washington DC: Center for Applied Linguistics, 2007.<\/p>\n<p>List of 422 programs in\u00a0<em><a href=\"http:\/\/www.cal.org\/twi\/directory\/\" target=\"_blank\">Directory of Two-Way Bilingual Immersion Programs in the US<\/a><\/em>, Center for Applied Linguistics, 2012.<\/p>\n<p><a href=\"http:\/\/www.dual-language.org\/\" target=\"_blank\">National Dual Language Consortium<\/a><\/p>\n<p>Utah Department of Education, &#8220;Utah Dual Immersion,&#8221; video, 2011,\u00a0<a href=\"http:\/\/www.youtube.com\/watch?v=hTG0YFU8vWA\" target=\"_blank\">http:\/\/www.youtube.com\/watch?v=hTG0YFU8vWA<\/a>.<br \/>\n\n<!-- iframe plugin v.4.5 wordpress.org\/plugins\/iframe\/ -->\n<iframe width=\"640\" height=\"360\" src=\"http:\/\/www.youtube.com\/embed\/hTG0YFU8vWA\" 0=\"allowfullscreen\" scrolling=\"yes\" class=\"iframe-class\" frameborder=\"0\"><\/iframe>\n<\/p>\n<p>Dual Language Education of New Mexico, &#8220;Voces Biling\u00fces, Voices of the Future&#8221; video, 2011, <a href=\"http:\/\/player.vimeo.com\/video\/33035607\" target=\"_blank\">http:\/\/player.vimeo.com\/video\/33035607<\/a>.<br \/>\n\n<!-- iframe plugin v.4.5 wordpress.org\/plugins\/iframe\/ -->\n<iframe width=\"640\" height=\"360\" src=\"http:\/\/player.vimeo.com\/video\/33035607?title=0&#038;amp;byline=0&#038;amp;portrait=0\" 0=\"allowFullScreen\" scrolling=\"yes\" class=\"iframe-class\" frameborder=\"0\"><\/iframe>\n<\/p>\n<p><strong>Scholarly resources on dual-language learning:<\/strong><\/p>\n<p>P. Zitlali Morales and Ursula S. Aldana, (2010) \u201cLearning in Two Languages: Programs with Political Promise,\u201d in <em>Forbidden Language: English Learners and Restrictive Language Policies<\/em>, Edited by Patricia G\u00e1ndara and Megan Hopkins, New York: Teachers College Press.<\/p>\n<p>April Linton and Rebecca C. Franklin (2010), \u201cBilingualism for the Children: Dual-Language Programs Under Restrictive Language Policies,\u201d in <em>Forbidden Language: English Learners and Restrictive Language Policies<\/em>, Edited by Patricia G\u00e1ndara and Megan Hopkins, New York: Teachers College Press.<\/p>\n<p>Ofelia Garcia and Jo Anne Kleifgen (2010), <em>Educating Emergent Bilinguals<\/em>, New York: Teachers College Press.<\/p>\n<p>Norma Gonz\u00e1lez (2005), \u201cChildren in the Eye of the Storm: Language Socialization and Language Ideologies in a Dual-Language School,\u201d in <em>Building on Strengths: Language and Literacy in Latino Families and Communities<\/em>, Edited by Ana Celia Zentella.<\/p>\n<p>Genesee, F. &amp; Lindholm-Leary, K. (2013). Two case studies of content-based language education. <em>Journal of Immersion and Content Based Language Education<\/em>. John Benjamins.<\/p>\n<p>Howard, E., Sugarman, J., and Christian, D. (2003). <em>Trends in two-way immersion education: A review of the research<\/em>. (Technical Report 63). Baltimore, MD: Center for Research on the Education of Students Placed at Risk (CRESPAR).<\/p>\n<p>Howard, E. &amp; Sugarman, J. (2007). <em>Realizing the Vision of Two-Way Immersion: Fostering Effective Programs and Classrooms. <\/em>Washington, DC: Center for Applied Linguistics.<\/p>\n<p>Thomas, W. P. &amp; Collier, V. P. (2012). <em>Dual Language Education for a Transformed World<\/em>. Albuquerque: Dual Language Education of New Mexico and Fuente Press.<\/p>\n<p>Email questions to the event planning group via\u00a0<a href=\"mailto:jack.dougherty@trincoll.edu\">Jack Dougherty<\/a>\u00a0at Trinity College<\/p>\n","protected":false},"excerpt":{"rendered":"<p>Como desarrollar una escuela de dos idiomas en la regi\u00f3n de Hartford (Ver la p\u00e1gina en espa\u00f1ol) Saturday, April 13, 2013 9:30am welcome &amp; coffee 10:00-11:30am panel &amp; discussion Commons Building Cafeteria at the Learning Corridor 43 Vernon Street, Hartford, CT open to the public Sign up to our mailing list to receive future announcements &hellip; <a href=\"https:\/\/commons.trincoll.edu\/edreform\/guides-and-resources\/dual\/\" class=\"more-link\">Continue reading <span class=\"screen-reader-text\">Creating a Dual-Language Magnet School for Hartford Region<\/span><\/a><\/p>\n","protected":false},"author":6,"featured_media":0,"parent":620,"menu_order":11,"comment_status":"open","ping_status":"open","template":"","meta":[],"_links":{"self":[{"href":"https:\/\/commons.trincoll.edu\/edreform\/wp-json\/wp\/v2\/pages\/4106"}],"collection":[{"href":"https:\/\/commons.trincoll.edu\/edreform\/wp-json\/wp\/v2\/pages"}],"about":[{"href":"https:\/\/commons.trincoll.edu\/edreform\/wp-json\/wp\/v2\/types\/page"}],"author":[{"embeddable":true,"href":"https:\/\/commons.trincoll.edu\/edreform\/wp-json\/wp\/v2\/users\/6"}],"replies":[{"embeddable":true,"href":"https:\/\/commons.trincoll.edu\/edreform\/wp-json\/wp\/v2\/comments?post=4106"}],"version-history":[{"count":92,"href":"https:\/\/commons.trincoll.edu\/edreform\/wp-json\/wp\/v2\/pages\/4106\/revisions"}],"predecessor-version":[{"id":4108,"href":"https:\/\/commons.trincoll.edu\/edreform\/wp-json\/wp\/v2\/pages\/4106\/revisions\/4108"}],"up":[{"embeddable":true,"href":"https:\/\/commons.trincoll.edu\/edreform\/wp-json\/wp\/v2\/pages\/620"}],"wp:attachment":[{"href":"https:\/\/commons.trincoll.edu\/edreform\/wp-json\/wp\/v2\/media?parent=4106"}],"curies":[{"name":"wp","href":"https:\/\/api.w.org\/{rel}","templated":true}]}}